{"id":2381,"date":"2023-07-04T07:49:46","date_gmt":"2023-07-04T07:49:46","guid":{"rendered":"https:\/\/dgi-solutions.de\/?page_id=2381"},"modified":"2024-10-01T12:16:14","modified_gmt":"2024-10-01T10:16:14","slug":"disclaimer","status":"publish","type":"page","link":"https:\/\/dgi-solutions.de\/de\/disclaimer\/","title":{"rendered":"Haftungsausschluss"},"content":{"rendered":"<div data-elementor-type=\"wp-page\" data-elementor-id=\"2381\" class=\"elementor elementor-2381\" data-elementor-post-type=\"page\">\n\t\t\t\t<div class=\"elementor-element elementor-element-eeb851a e-flex e-con-boxed e-con e-parent\" data-id=\"eeb851a\" data-element_type=\"container\" data-e-type=\"container\" data-settings=\"{&quot;jet_parallax_layout_list&quot;:[]}\">\n\t\t\t\t\t<div class=\"e-con-inner\">\n\t\t\t\t<div class=\"elementor-element elementor-element-ea5e6f8 elementor-widget elementor-widget-heading\" data-id=\"ea5e6f8\" data-element_type=\"widget\" data-e-type=\"widget\" data-widget_type=\"heading.default\">\n\t\t\t\t\t<h1 class=\"elementor-heading-title elementor-size-default\">Haftungsausschluss<\/h1>\t\t\t\t<\/div>\n\t\t\t\t\t<\/div>\n\t\t\t\t<\/div>\n\t\t<div class=\"elementor-element elementor-element-f62f27c e-flex e-con-boxed e-con e-parent\" data-id=\"f62f27c\" data-element_type=\"container\" data-e-type=\"container\" data-settings=\"{&quot;jet_parallax_layout_list&quot;:[]}\">\n\t\t\t\t\t<div class=\"e-con-inner\">\n\t\t\t\t<div class=\"elementor-element elementor-element-74e2d0b elementor-widget elementor-widget-text-editor\" data-id=\"74e2d0b\" data-element_type=\"widget\" data-e-type=\"widget\" data-widget_type=\"text-editor.default\">\n\t\t\t\t\t\t\t\t\t<div id=\"page\" class=\"hfeed site\"><div id=\"content\" class=\"site-content\"><div class=\"ast-container\"><div id=\"primary\" class=\"content-area primary\"><article id=\"post-1958\" class=\"post-1958 page type-page status-publish ast-article-single\"><header class=\"entry-header ast-no-thumbnail ast-header-without-markup\"><p>Die Deep Gaming Industries GmbH ist bestrebt, diese Website aktuell und korrekt zu halten. Sollten Sie dennoch auf falsche oder veraltete Informationen sto\u00dfen, w\u00e4ren wir Ihnen dankbar, wenn Sie uns dies mitteilen k\u00f6nnten. Bitte geben Sie an, wo auf der Website Sie die Informationen gelesen haben. Wir werden uns dann so schnell wie m\u00f6glich darum k\u00fcmmern. Bitte senden Sie Ihre Antwort per E-Mail an: office(at)dgi-solutions.de.<\/p><p>Wir haften weder f\u00fcr Sch\u00e4den infolge von Ungenauigkeiten oder Unvollst\u00e4ndigkeiten noch f\u00fcr Sch\u00e4den, die sich aus Problemen ergeben, die durch die Verbreitung von Informationen \u00fcber das Internet verursacht werden oder damit verbunden sind, wie St\u00f6rungen oder Unterbrechungen. Bei der Verwendung von Webformularen bem\u00fchen wir uns, die Zahl der erforderlichen Felder auf ein Minimum zu beschr\u00e4nken. F\u00fcr Sch\u00e4den, die durch die Nutzung von Daten, Ratschl\u00e4gen oder Ideen entstehen, die von oder im Namen von Deep Gaming Industries GmbH \u00fcber diese Website bereitgestellt werden, \u00fcbernimmt Deep Gaming Industries GmbH keine Haftung.<\/p><p>Die Nutzung der Website und aller ihrer Bestandteile (einschlie\u00dflich der Foren) unterliegt den <a href=\"https:\/\/dgi-solutions.de\/de\/disclaimer\/\">Nutzungsbedingungen<\/a>. Die blo\u00dfe Nutzung dieser Website setzt die Kenntnis und das Einverst\u00e4ndnis mit diesen Nutzungsbedingungen voraus.<\/p><p>Personenbezogene Daten, die Sie uns im Rahmen Ihrer Antwort oder Informationsanfrage zur Verf\u00fcgung stellen, werden ausschlie\u00dflich in \u00dcbereinstimmung mit unserer Datenschutzerkl\u00e4rung verwendet.<\/p><p>Die Deep Gaming Industries GmbH unternimmt alle angemessenen Anstrengungen, um ihre Systeme gegen jede Form der unrechtm\u00e4\u00dfigen Nutzung zu sch\u00fctzen. Die Deep Gaming Industries GmbH wird zu diesem Zweck angemessene technische und organisatorische Ma\u00dfnahmen ergreifen, die u.a. dem Stand der Technik Rechnung tragen. Sie haftet jedoch nicht f\u00fcr direkte und\/oder indirekte Sch\u00e4den, die einem Nutzer der Website durch die unrechtm\u00e4\u00dfige Nutzung ihrer Systeme durch einen Dritten entstehen.<\/p><p>Die Deep Gaming Industries GmbH \u00fcbernimmt keine Verantwortung f\u00fcr den Inhalt von Websites, auf die oder von denen ein Hyperlink oder ein sonstiger Hinweis erfolgt. F\u00fcr Produkte oder Dienstleistungen, die von Dritten angeboten werden, gelten die jeweiligen Gesch\u00e4ftsbedingungen dieser Dritten.<\/p><p>Unsere Mitarbeiter sind bestrebt, die Zug\u00e4nglichkeit unserer Website zu gew\u00e4hrleisten und sie kontinuierlich zu verbessern. Dies gilt auch f\u00fcr Personen, die aufgrund einer Behinderung spezielle Software verwenden.<\/p><p>Alle geistigen Eigentumsrechte an den Inhalten dieser Website liegen bei der Deep Gaming Industries GmbH.<\/p><p>Die Vervielf\u00e4ltigung, Verbreitung und sonstige Nutzung dieser Materialien ist ohne schriftliche Genehmigung der Deep Gaming Industries GmbH nicht gestattet, es sei denn, zwingende gesetzliche Vorschriften (z.B. das Zitatrecht) sehen etwas anderes vor oder der konkrete Inhalt erfordert etwas anderes.<\/p><p>Sollten Sie Fragen oder Probleme mit der Zug\u00e4nglichkeit der Website haben, z\u00f6gern Sie bitte nicht, uns zu kontaktieren.<\/p><\/header><\/article><\/div><\/div><\/div><\/div>\t\t\t\t\t\t\t\t<\/div>\n\t\t\t\t\t<\/div>\n\t\t\t\t<\/div>\n\t\t<div class=\"elementor-element elementor-element-268c9d1 e-flex e-con-boxed e-con e-parent\" data-id=\"268c9d1\" data-element_type=\"container\" data-e-type=\"container\" data-settings=\"{&quot;jet_parallax_layout_list&quot;:[]}\">\n\t\t\t\t\t<div class=\"e-con-inner\">\n\t\t\t\t<div class=\"elementor-element elementor-element-0075d6c elementor-widget elementor-widget-heading\" data-id=\"0075d6c\" data-element_type=\"widget\" data-e-type=\"widget\" data-widget_type=\"heading.default\">\n\t\t\t\t\t<h3 class=\"elementor-heading-title elementor-size-default\">Haftungsausschluss<\/h3>\t\t\t\t<\/div>\n\t\t\t\t\t<\/div>\n\t\t\t\t<\/div>\n\t\t<div class=\"elementor-element elementor-element-02b6e7c e-flex e-con-boxed e-con e-parent\" data-id=\"02b6e7c\" data-element_type=\"container\" data-e-type=\"container\" data-settings=\"{&quot;jet_parallax_layout_list&quot;:[]}\">\n\t\t\t\t\t<div class=\"e-con-inner\">\n\t\t\t\t<div class=\"elementor-element elementor-element-1f12b01 elementor-widget elementor-widget-text-editor\" data-id=\"1f12b01\" data-element_type=\"widget\" data-e-type=\"widget\" data-widget_type=\"text-editor.default\">\n\t\t\t\t\t\t\t\t\t<p>Deep Gaming Industries GmbH is committed to keeping this website up to date and accurate. Should you nevertheless encounter anything that is incorrect or out of date, we would appreciate it if you could let us know.<\/p><p>Please indicate where on the website you read the information. We will then look at this as soon as possible. Please send your response by email to: office(at)dgi-solutions.de.<br \/>We are not liable for loss as a result of inaccuracies or incompleteness, nor for loss resulting from problems caused by or inherent to the dissemination of information through the internet, such as disruptions or interruptions. When using web forms, we strive to limit the number of required fields to a minimum. For any loss suffered as a result of the use of data, advice or ideas provided by or on behalf of Deep Gaming Industries GmbH via this website, Deep Gaming Industries GmbH accepts no liability.<\/p><p><br \/>The use of the website and all its components (including forums) is subject to terms of use. The mere use of this website implies the knowledge and the acceptance of these terms of use.<br \/>Any personal data you provide us with in the context of your response or request for information will only be used in accordance with our privacy statement.<br \/>Deep Gaming Industries GmbH shall make every reasonable effort to protect its systems against any form of unlawful use.<\/p><p>Deep Gaming Industries GmbH shall implement appropriate technical and organizational measures to this end, taking into account, among other things, the state of the art. However, it shall not be liable for any loss whatsoever, direct and\/or indirect, suffered by a user of the website, which arises as a result of the unlawful use of its systems by a third party.<br \/>Deep Gaming Industries GmbH accepts no responsibility for the content of websites to which or from which a hyperlink or other reference is made. Products or services offered by third parties shall be subject to the applicable terms and conditions of those third parties.<br \/>Our employees shall make every effort to guarantee the accessibility of our website and to continuously improve it. Including for people who use special software due to a disability.<\/p><p><br \/>All intellectual property rights to content on this website are vested in Deep Gaming Industries GmbH.<br \/>Copying, disseminating and any other use of these materials is not permitted without the written permission of Deep Gaming Industries GmbH, except and only insofar as otherwise stipulated in regulations of mandatory law (such as the right to quote), unless specific content dictates otherwise.<br \/>If you have any questions or problems with the accessibility of the website, please do not hesitate to contact us.<\/p>\t\t\t\t\t\t\t\t<\/div>\n\t\t\t\t\t<\/div>\n\t\t\t\t<\/div>\n\t\t\t\t<\/div>","protected":false},"excerpt":{"rendered":"<p>Haftungsausschluss Die Deep Gaming Industries GmbH ist bestrebt, diese Website aktuell und korrekt zu halten. Sollten Sie dennoch auf falsche oder veraltete Informationen sto\u00dfen, w\u00e4ren wir Ihnen dankbar, wenn Sie uns dies mitteilen k\u00f6nnten. Bitte geben Sie an, wo auf der Website Sie die Informationen gelesen haben. Wir werden uns dann so schnell wie m\u00f6glich [&hellip;]<\/p>\n","protected":false},"author":1,"featured_media":0,"parent":0,"menu_order":0,"comment_status":"closed","ping_status":"closed","template":"elementor_header_footer","meta":{"site-sidebar-layout":"no-sidebar","site-content-layout":"page-builder","ast-site-content-layout":"full-width-container","site-content-style":"unboxed","site-sidebar-style":"unboxed","ast-global-header-display":"","ast-banner-title-visibility":"","ast-main-header-display":"","ast-hfb-above-header-display":"","ast-hfb-below-header-display":"","ast-hfb-mobile-header-display":"","site-post-title":"disabled","ast-breadcrumbs-content":"","ast-featured-img":"disabled","footer-sml-layout":"","ast-disable-related-posts":"","theme-transparent-header-meta":"","adv-header-id-meta":"","stick-header-meta":"","header-above-stick-meta":"","header-main-stick-meta":"","header-below-stick-meta":"","astra-migrate-meta-layouts":"set","ast-page-background-enabled":"default","ast-page-background-meta":{"desktop":{"background-color":"var(--ast-global-color-4)","background-image":"","background-repeat":"repeat","background-position":"center center","background-size":"auto","background-attachment":"scroll","background-type":"","background-media":"","overlay-type":"","overlay-color":"","overlay-opacity":"","overlay-gradient":""},"tablet":{"background-color":"","background-image":"","background-repeat":"repeat","background-position":"center center","background-size":"auto","background-attachment":"scroll","background-type":"","background-media":"","overlay-type":"","overlay-color":"","overlay-opacity":"","overlay-gradient":""},"mobile":{"background-color":"","background-image":"","background-repeat":"repeat","background-position":"center center","background-size":"auto","background-attachment":"scroll","background-type":"","background-media":"","overlay-type":"","overlay-color":"","overlay-opacity":"","overlay-gradient":""}},"ast-content-background-meta":{"desktop":{"background-color":"var(--ast-global-color-5)","background-image":"","background-repeat":"repeat","background-position":"center center","background-size":"auto","background-attachment":"scroll","background-type":"","background-media":"","overlay-type":"","overlay-color":"","overlay-opacity":"","overlay-gradient":""},"tablet":{"background-color":"var(--ast-global-color-5)","background-image":"","background-repeat":"repeat","background-position":"center center","background-size":"auto","background-attachment":"scroll","background-type":"","background-media":"","overlay-type":"","overlay-color":"","overlay-opacity":"","overlay-gradient":""},"mobile":{"background-color":"var(--ast-global-color-5)","background-image":"","background-repeat":"repeat","background-position":"center center","background-size":"auto","background-attachment":"scroll","background-type":"","background-media":"","overlay-type":"","overlay-color":"","overlay-opacity":"","overlay-gradient":""}},"footnotes":""},"class_list":["post-2381","page","type-page","status-publish","hentry"],"_links":{"self":[{"href":"https:\/\/dgi-solutions.de\/de\/wp-json\/wp\/v2\/pages\/2381","targetHints":{"allow":["GET"]}}],"collection":[{"href":"https:\/\/dgi-solutions.de\/de\/wp-json\/wp\/v2\/pages"}],"about":[{"href":"https:\/\/dgi-solutions.de\/de\/wp-json\/wp\/v2\/types\/page"}],"author":[{"embeddable":true,"href":"https:\/\/dgi-solutions.de\/de\/wp-json\/wp\/v2\/users\/1"}],"replies":[{"embeddable":true,"href":"https:\/\/dgi-solutions.de\/de\/wp-json\/wp\/v2\/comments?post=2381"}],"version-history":[{"count":0,"href":"https:\/\/dgi-solutions.de\/de\/wp-json\/wp\/v2\/pages\/2381\/revisions"}],"wp:attachment":[{"href":"https:\/\/dgi-solutions.de\/de\/wp-json\/wp\/v2\/media?parent=2381"}],"curies":[{"name":"wp","href":"https:\/\/api.w.org\/{rel}","templated":true}]}}