{"id":1705,"date":"2023-06-22T09:36:23","date_gmt":"2023-06-22T09:36:23","guid":{"rendered":"https:\/\/dgi-solutions.de\/?page_id=1705"},"modified":"2024-10-02T09:06:31","modified_gmt":"2024-10-02T07:06:31","slug":"privacy-policy-eu","status":"publish","type":"page","link":"https:\/\/dgi-solutions.de\/de\/privacy-policy-eu\/","title":{"rendered":"Datenschutzerkl\u00e4rung (EU)"},"content":{"rendered":"<div data-elementor-type=\"wp-page\" data-elementor-id=\"1705\" class=\"elementor elementor-1705\" data-elementor-post-type=\"page\">\n\t\t\t\t<div class=\"elementor-element elementor-element-492b4ed e-flex e-con-boxed e-con e-parent\" data-id=\"492b4ed\" data-element_type=\"container\" data-e-type=\"container\" data-settings=\"{&quot;jet_parallax_layout_list&quot;:[]}\">\n\t\t\t\t\t<div class=\"e-con-inner\">\n\t\t\t\t<div class=\"elementor-element elementor-element-9c2940d elementor-widget elementor-widget-heading\" data-id=\"9c2940d\" data-element_type=\"widget\" data-e-type=\"widget\" data-widget_type=\"heading.default\">\n\t\t\t\t\t<h1 class=\"elementor-heading-title elementor-size-default\">Datenschutzerkl\u00e4rung (EU)<\/h1>\t\t\t\t<\/div>\n\t\t\t\t<div class=\"elementor-element elementor-element-dab15af elementor-widget elementor-widget-text-editor\" data-id=\"dab15af\" data-element_type=\"widget\" data-e-type=\"widget\" data-widget_type=\"text-editor.default\">\n\t\t\t\t\t\t\t\t\t<p><i><em>Diese Datenschutzrichtlinie wurde zuletzt am 12. April 2024 aktualisiert und gilt f\u00fcr B\u00fcrger des Europ\u00e4ischen Wirtschaftsraums.<\/em><\/i><\/p>\n<p>In dieser Datenschutzerkl\u00e4rung erkl\u00e4ren wir, was wir mit den Informationen tun, die wir \u00fcber <a href=\"https:\/\/dgi-solutions.de\/de\/\">https:\/\/dgi-solutions.de<\/a> \u00fcber Sie sammeln <a href=\"https:\/\/dgi-solutions.de\/de\/\">.<\/a> Wir empfehlen Ihnen, dieses Dokument sorgf\u00e4ltig zu lesen. Bei unserer Verarbeitung halten wir uns an die gesetzlichen Bestimmungen.<\/p>\n<p><b><strong>1. Datenschutz<\/strong><\/b><\/p>\n<p>Das bedeutet unter anderem:<\/p>\n<p>Wir geben klar an, zu welchen Zwecken wir personenbezogene Daten verarbeiten. Dies geschieht durch diese Datenschutzrichtlinie.<\/p>\n<p>wir bem\u00fchen uns, die Erhebung personenbezogener Daten auf die personenbezogenen Daten zu beschr\u00e4nken, die aus rechtm\u00e4\u00dfigen Gr\u00fcnden ben\u00f6tigt werden.<\/p>\n<p>Wir werden zun\u00e4chst Ihre ausdr\u00fcckliche Zustimmung einholen, wenn dies f\u00fcr die Verarbeitung Ihrer personenbezogenen Daten erforderlich ist.<\/p>\n<p>Wir ergreifen angemessene Sicherheitsma\u00dfnahmen zum Schutz Ihrer personenbezogenen Daten und verlangen das Gleiche von den Parteien, die personenbezogene Daten in unserem Auftrag verarbeiten.<\/p>\n<p>Wir respektieren Ihr Recht auf Zugang, Berichtigung oder L\u00f6schung Ihrer personenbezogenen Daten.<\/p>\n<p>Wenn Sie Fragen haben oder wissen m\u00f6chten, welche personenbezogenen Daten wir \u00fcber Sie gespeichert haben, wenden Sie sich bitte an uns.<\/p>\n<p><b><strong>2. Cookies<\/strong><\/b><\/p>\n<p>Um Ihnen das bestm\u00f6gliche Erlebnis zu bieten, verwenden wir und unsere Partner Technologien wie Cookies, um Ger\u00e4teinformationen zu speichern und\/oder darauf zuzugreifen. Wenn Sie diesen Technologien zustimmen, k\u00f6nnen wir und unsere Partner personenbezogene Daten wie das Surfverhalten oder eindeutige IDs auf dieser Website verarbeiten. Wenn Sie Ihre Zustimmung nicht erteilen oder widerrufen, kann dies bestimmte Merkmale und Funktionen beeintr\u00e4chtigen. Weitere Informationen \u00fcber diese Technologien und Partner finden Sie in unserer Cookie-Richtlinie.<\/p>\n<p>Deep Gaming Industries GmbH nimmt am IAB Europe Transparency &amp; Consent Framework teil und h\u00e4lt sich an dessen Vorgaben und Richtlinien. Sie nutzt die Consent Management Platform mit der Identifikationsnummer 332.<\/p>\n<p>Wir haben einen Datenverarbeitungsvertrag mit Google abgeschlossen, Google darf die Daten nur f\u00fcr andere Google-Dienste nutzen.<\/p>\n<p><b><strong>3. Sicherheit<\/strong><\/b><\/p>\n<p>Wir verpflichten uns zur Sicherheit der personenbezogenen Daten. Wir ergreifen angemessene Sicherheitsma\u00dfnahmen, um den Missbrauch von und den unbefugten Zugriff auf personenbezogene Daten zu begrenzen. Dadurch wird sichergestellt, dass nur die notwendigen Personen Zugang zu Ihren Daten haben, dass dieser Zugang gesch\u00fctzt ist und dass unsere Sicherheitsma\u00dfnahmen regelm\u00e4\u00dfig \u00fcberpr\u00fcft werden.<\/p>\n<p>Zu den von uns verwendeten Sicherheitsma\u00dfnahmen geh\u00f6ren unter anderem:<\/p>\n<p>Benutzername und Passwort<\/p>\n<p>TLS\/SSL<\/p>\n<p>HTTP Strict Transport Security<\/p>\n<p>WPA2+3 Enterprise<\/p>\n<p>Berechtigungspolitik<\/p>\n<p><b><strong>4. Websites von Drittanbietern<\/strong><\/b><\/p>\n<p>Diese Datenschutzrichtlinie gilt nicht f\u00fcr Websites von Dritten, die mit unserer Website verlinkt sind. Wir k\u00f6nnen nicht garantieren, dass diese Dritten Ihre pers\u00f6nlichen Daten zuverl\u00e4ssig und sicher behandeln. Wir empfehlen Ihnen die Lekt\u00fcre der D<\/p>\n<p>Diese Datenschutzrichtlinie gilt nicht f\u00fcr Websites von Dritten, die \u00fcber Links mit unserer Website verbunden sind. Wir k\u00f6nnen nicht garantieren, dass diese Dritten Ihre pers\u00f6nlichen Daten verl\u00e4sslich oder sicher behandeln. Wir empfehlen Ihnen, die Datenschutzerkl\u00e4rungen dieser Websites zu lesen, bevor Sie sie nutzen.<\/p>\n<p><b><strong>5. \u00c4nderungen an dieser Datenschutzerkl\u00e4rung<\/strong><\/b><\/p>\n<p>Wir behalten uns das Recht vor, \u00c4nderungen an dieser Datenschutzerkl\u00e4rung vorzunehmen. Es wird empfohlen, dass Sie diese Datenschutzerkl\u00e4rung regelm\u00e4\u00dfig lesen, um sich \u00fcber \u00c4nderungen zu informieren. Dar\u00fcber hinaus werden wir Sie nach M\u00f6glichkeit informieren.<\/p>\n<p><b><strong>6.<\/strong><\/b> <b><strong>Zugang und Verarbeitung Ihrer Daten<\/strong><\/b><\/p>\n<p>Wenn Sie Fragen haben oder wissen m\u00f6chten, welche personenbezogenen Daten wir \u00fcber Sie gespeichert haben, wenden Sie sich bitte an uns. Sie k\u00f6nnen uns \u00fcber die unten stehenden Informationen erreichen. Sie haben die folgenden Rechte:<\/p>\n<p>Sie haben das Recht zu erfahren, wozu Ihre personenbezogenen Daten ben\u00f6tigt werden, was mit ihnen geschieht und wie lange sie gespeichert werden.<\/p>\n<p>Recht auf Auskunft: Sie haben das Recht, Ihre uns bekannten personenbezogenen Daten einzusehen.<\/p>\n<p>Recht auf Berichtigung: Sie haben jederzeit das Recht, Ihre personenbezogenen Daten zu erg\u00e4nzen, zu berichtigen, zu l\u00f6schen oder zu sperren.<\/p>\n<p>Wenn Sie uns Ihre Einwilligung zur Verarbeitung Ihrer Daten gegeben haben, haben Sie das Recht, diese Einwilligung zu widerrufen und Ihre personenbezogenen Daten l\u00f6schen zu lassen.<\/p>\n<p>Recht auf Daten\u00fcbertragbarkeit Ihrer Daten: Sie haben das Recht, alle Ihre personenbezogenen Daten von einem f\u00fcr die Verarbeitung Verantwortlichen anzufordern und sie vollst\u00e4ndig an einen anderen f\u00fcr die Verarbeitung Verantwortlichen zu \u00fcbertragen.<\/p>\n<p>Recht auf Widerspruch: Sie k\u00f6nnen der Verarbeitung Ihrer Daten widersprechen. Wir werden dem nachkommen, es sei denn, es liegen berechtigte Gr\u00fcnde f\u00fcr die Verarbeitung vor.<\/p>\n<p>Bitte geben Sie immer deutlich an, wer Sie sind, damit wir sicher sein k\u00f6nnen, dass wir nicht die Daten der falschen Person verarbeiten oder l\u00f6schen.<\/p>\n<p><b><strong>7. Eine Beschwerde einreichen<\/strong><\/b><\/p>\n<p>Wenn Sie mit der Art und Weise, wie wir (Ihre Beschwerde) die Verarbeitung Ihrer personenbezogenen Daten handhaben, nicht zufrieden sind, haben Sie das Recht, eine Beschwerde bei der Datenschutzbeh\u00f6rde einzureichen.<\/p>\n<p><b><strong>8. Kontaktinformationen<\/strong><\/b><\/p>\n<p>Deep Gaming Industries GmbH<br><span style=\"font-style: inherit; font-weight: inherit; color: var( --e-global-color-text ); font-family: var( --e-global-typography-0800619-font-family ), Sans-serif; letter-spacing: var( --e-global-typography-0800619-letter-spacing ); word-spacing: var( --e-global-typography-0800619-word-spacing ); text-align: var(--text-align);\">DGi Solutions<\/span><\/p>\n<p>S\u00fcdstra\u00dfe 87<br><span style=\"font-style: inherit; font-weight: inherit; color: var( --e-global-color-text ); font-family: var( --e-global-typography-0800619-font-family ), Sans-serif; letter-spacing: var( --e-global-typography-0800619-letter-spacing ); word-spacing: var( --e-global-typography-0800619-word-spacing ); text-align: var(--text-align);\">52146 W\u00fcrselen<br><\/span><span style=\"font-style: inherit; font-weight: inherit; color: var( --e-global-color-text ); font-family: var( --e-global-typography-0800619-font-family ), Sans-serif; letter-spacing: var( --e-global-typography-0800619-letter-spacing ); word-spacing: var( --e-global-typography-0800619-word-spacing ); text-align: var(--text-align);\">Deutschland<\/span><\/p>\n<p>Website: <a href=\"https:\/\/dgi-solutions.de\/de\/\">https:\/\/dgi-solutions.de<\/a><br><span style=\"font-style: inherit; font-weight: inherit; color: var( --e-global-color-text ); font-family: var( --e-global-typography-0800619-font-family ), Sans-serif; letter-spacing: var( --e-global-typography-0800619-letter-spacing ); word-spacing: var( --e-global-typography-0800619-word-spacing ); text-align: var(--text-align);\">E-Mail: office(at)dgi-solutions.de<br><\/span><span style=\"font-style: inherit; font-weight: inherit; color: var( --e-global-color-text ); font-family: var( --e-global-typography-0800619-font-family ), Sans-serif; letter-spacing: var( --e-global-typography-0800619-letter-spacing ); word-spacing: var( --e-global-typography-0800619-word-spacing ); text-align: var(--text-align);\">Phone number: +49-241-51006685<\/span><\/p>\t\t\t\t\t\t\t\t<\/div>\n\t\t\t\t\t<\/div>\n\t\t\t\t<\/div>\n\t\t<div class=\"elementor-element elementor-element-b6f78fa e-flex e-con-boxed e-con e-parent\" data-id=\"b6f78fa\" data-element_type=\"container\" data-e-type=\"container\" data-settings=\"{&quot;jet_parallax_layout_list&quot;:[]}\">\n\t\t\t\t\t<div class=\"e-con-inner\">\n\t\t\t\t<div class=\"elementor-element elementor-element-e685fe3 elementor-widget elementor-widget-heading\" data-id=\"e685fe3\" data-element_type=\"widget\" data-e-type=\"widget\" data-widget_type=\"heading.default\">\n\t\t\t\t\t<h2 class=\"elementor-heading-title elementor-size-default\">Datenschutzerkl\u00e4rung (EU)<\/h2>\t\t\t\t<\/div>\n\t\t\t\t<div class=\"elementor-element elementor-element-d085d50 elementor-widget elementor-widget-text-editor\" data-id=\"d085d50\" data-element_type=\"widget\" data-e-type=\"widget\" data-widget_type=\"text-editor.default\">\n\t\t\t\t\t\t\t\t\t<p><em>This Privacy Policy was last updated on April 12, 2024 and applies to citizens of the European Economic Area.<\/em><\/p><p>In this privacy statement, we explain what we do with the information we collect about you via\u00a0<a href=\"https:\/\/dgi-solutions.de\/de\/\" target=\"_blank\" rel=\"noopener\">https:\/\/dgi-solutions.de<\/a>. We encourage you to read this document carefully. During our processing we comply with the legal requirements.<\/p><p><strong>1. data protection<\/strong><\/p><p>This means, among other things:<\/p><p>we clearly state the purposes for which we process personal data. This is done through this Privacy Policy.<br \/>we aim to limit our collection of personal data to those personal data that are needed for legitimate reasons.<br \/>We will first obtain your explicit consent when necessary to process your personal data.<br \/>We will take reasonable security measures to protect your personal data and require the same of parties who process personal data on our behalf.<br \/>We respect your right to access, correct or delete your personal data.<\/p><p>If you have any questions or would like to know what personal data we have about you, please contact us.<\/p><p><strong>2. cookies<\/strong><\/p><p>In order to provide the best possible experience, we and our partners use technologies such as cookies to store and\/or access device information. By consenting to these technologies, we and our partners may process personal data such as browsing behavior or unique IDs on this website. If you do not consent or withdraw consent, this may affect certain features and functionality. For more information about these technologies and partners, please see our Cookie Policy.<\/p><p>Deep Gaming Industries GmbH participates in the IAB Europe Transparency &amp; Consent Framework and complies with its specifications and guidelines. It uses the Consent Management Platform with the identification number 332.<\/p><p>We have a data processing agreement with Google.Google may only use the data for other Google services.<\/p><p><strong>3. security<\/strong><\/p><p>We are committed to the security of personal data. We take reasonable security measures to limit misuse of and unauthorized access to personal data. This ensures that only necessary people have access to your information, that this access is protected, and that our security measures are regularly audited.<\/p><p>The security measures we use include:<\/p><p>Username and Password<br \/>TLS \/ SSL<br \/>HTTP Strict Transport Security<br \/>WPA2 Enterprise<br \/>Permissions Policy<\/p><p><strong>4. third party websites<\/strong><\/p><p>This privacy policy does not apply to third party websites that are linked to our website. We cannot guarantee that these third parties will treat your personal information reliably or securely. We recommend that you read the D<\/p><p>This privacy policy does not apply to third party websites that are connected by links on our website. We cannot guarantee that these third parties will treat your personal information reliably or securely. We recommend that you read the privacy statements of these websites before using them.<\/p><p><strong>5. amendments to this privacy policy<\/strong><\/p><p>We reserve the right to make changes to this privacy statement. It is recommended that you read this privacy statement regularly to be aware of any changes. In addition, we will inform you wherever possible.<\/p><p><strong>6.<\/strong> <strong>access and processing of your data<\/strong><\/p><p>If you have any questions or would like to know what personal data we have about you, please contact us. You can reach us using the information below. You have the following rights:<\/p><p>You have the right to know why your personal information is needed, what happens to it, and how long it is kept.<br \/>Right of access: You have the right to access your personal data known to us.<br \/>Right of rectification: You have the right, whenever you wish, to complete, correct, delete or block your personal data.<br \/>If you have given us your consent to process your data, you have the right to withdraw this consent and have your personal data deleted.<br \/>Right to data transfer of your data: You have the right to request all of your personal data from one controller and to transfer it in its entirety to another controller.<br \/>Right to object: You can object to the processing of your data. We will comply unless there are legitimate grounds for processing.<\/p><p>Please make sure that you always clearly state who you are so that we can be sure not to process or delete the wrong person&#8217;s data.<\/p><p><strong>7. submit a complaint<\/strong><\/p><p>If you are not satisfied with the way we (your complaint) handle the processing of your personal data, you have the right to submit a complaint to the Data Protection Authority.<\/p><p><strong>8. contact details<\/strong><\/p><p>Deep Gaming Industries GmbH<br \/>DGi Solutions<br \/>S\u00fcdstrasse 87<br \/>52146 W\u00fcrselen<br \/>Germany<br \/>Website:\u00a0<a href=\"https:\/\/dgi-solutions.de\/de\/\" target=\"_blank\" rel=\"noopener\">https:\/\/dgi-solutions.de<\/a><br \/>E-mail: office(at)dgi-solutions.de<br \/>Phone number: +49-241-51006685<\/p>\t\t\t\t\t\t\t\t<\/div>\n\t\t\t\t\t<\/div>\n\t\t\t\t<\/div>\n\t\t\t\t<\/div>","protected":false},"excerpt":{"rendered":"<p>Datenschutzerkl\u00e4rung (EU) Diese Datenschutzrichtlinie wurde zuletzt am 12. April 2024 aktualisiert und gilt f\u00fcr B\u00fcrger des Europ\u00e4ischen Wirtschaftsraums. In dieser Datenschutzerkl\u00e4rung erkl\u00e4ren wir, was wir mit den Informationen tun, die wir \u00fcber https:\/\/dgi-solutions.de \u00fcber Sie sammeln . Wir empfehlen Ihnen, dieses Dokument sorgf\u00e4ltig zu lesen. Bei unserer Verarbeitung halten wir uns an die gesetzlichen Bestimmungen. [&hellip;]<\/p>\n","protected":false},"author":1,"featured_media":0,"parent":0,"menu_order":0,"comment_status":"closed","ping_status":"closed","template":"elementor_header_footer","meta":{"site-sidebar-layout":"no-sidebar","site-content-layout":"page-builder","ast-site-content-layout":"full-width-container","site-content-style":"unboxed","site-sidebar-style":"unboxed","ast-global-header-display":"","ast-banner-title-visibility":"","ast-main-header-display":"","ast-hfb-above-header-display":"","ast-hfb-below-header-display":"","ast-hfb-mobile-header-display":"","site-post-title":"disabled","ast-breadcrumbs-content":"","ast-featured-img":"disabled","footer-sml-layout":"","ast-disable-related-posts":"","theme-transparent-header-meta":"","adv-header-id-meta":"","stick-header-meta":"","header-above-stick-meta":"","header-main-stick-meta":"","header-below-stick-meta":"","astra-migrate-meta-layouts":"set","ast-page-background-enabled":"default","ast-page-background-meta":{"desktop":{"background-color":"var(--ast-global-color-4)","background-image":"","background-repeat":"repeat","background-position":"center center","background-size":"auto","background-attachment":"scroll","background-type":"","background-media":"","overlay-type":"","overlay-color":"","overlay-opacity":"","overlay-gradient":""},"tablet":{"background-color":"","background-image":"","background-repeat":"repeat","background-position":"center center","background-size":"auto","background-attachment":"scroll","background-type":"","background-media":"","overlay-type":"","overlay-color":"","overlay-opacity":"","overlay-gradient":""},"mobile":{"background-color":"","background-image":"","background-repeat":"repeat","background-position":"center center","background-size":"auto","background-attachment":"scroll","background-type":"","background-media":"","overlay-type":"","overlay-color":"","overlay-opacity":"","overlay-gradient":""}},"ast-content-background-meta":{"desktop":{"background-color":"var(--ast-global-color-5)","background-image":"","background-repeat":"repeat","background-position":"center center","background-size":"auto","background-attachment":"scroll","background-type":"","background-media":"","overlay-type":"","overlay-color":"","overlay-opacity":"","overlay-gradient":""},"tablet":{"background-color":"var(--ast-global-color-5)","background-image":"","background-repeat":"repeat","background-position":"center center","background-size":"auto","background-attachment":"scroll","background-type":"","background-media":"","overlay-type":"","overlay-color":"","overlay-opacity":"","overlay-gradient":""},"mobile":{"background-color":"var(--ast-global-color-5)","background-image":"","background-repeat":"repeat","background-position":"center center","background-size":"auto","background-attachment":"scroll","background-type":"","background-media":"","overlay-type":"","overlay-color":"","overlay-opacity":"","overlay-gradient":""}},"footnotes":""},"class_list":["post-1705","page","type-page","status-publish","hentry"],"_links":{"self":[{"href":"https:\/\/dgi-solutions.de\/de\/wp-json\/wp\/v2\/pages\/1705","targetHints":{"allow":["GET"]}}],"collection":[{"href":"https:\/\/dgi-solutions.de\/de\/wp-json\/wp\/v2\/pages"}],"about":[{"href":"https:\/\/dgi-solutions.de\/de\/wp-json\/wp\/v2\/types\/page"}],"author":[{"embeddable":true,"href":"https:\/\/dgi-solutions.de\/de\/wp-json\/wp\/v2\/users\/1"}],"replies":[{"embeddable":true,"href":"https:\/\/dgi-solutions.de\/de\/wp-json\/wp\/v2\/comments?post=1705"}],"version-history":[{"count":0,"href":"https:\/\/dgi-solutions.de\/de\/wp-json\/wp\/v2\/pages\/1705\/revisions"}],"wp:attachment":[{"href":"https:\/\/dgi-solutions.de\/de\/wp-json\/wp\/v2\/media?parent=1705"}],"curies":[{"name":"wp","href":"https:\/\/api.w.org\/{rel}","templated":true}]}}