{"id":1695,"date":"2023-06-22T09:21:33","date_gmt":"2023-06-22T09:21:33","guid":{"rendered":"https:\/\/dgi-solutions.de\/?page_id=1695"},"modified":"2024-10-02T09:05:59","modified_gmt":"2024-10-02T07:05:59","slug":"imprint","status":"publish","type":"page","link":"https:\/\/dgi-solutions.de\/de\/imprint\/","title":{"rendered":"Impressum"},"content":{"rendered":"<div data-elementor-type=\"wp-page\" data-elementor-id=\"1695\" class=\"elementor elementor-1695\" data-elementor-post-type=\"page\">\n\t\t\t\t<div class=\"elementor-element elementor-element-81abb2b e-flex e-con-boxed e-con e-parent\" data-id=\"81abb2b\" data-element_type=\"container\" data-e-type=\"container\" data-settings=\"{&quot;jet_parallax_layout_list&quot;:[]}\">\n\t\t\t\t\t<div class=\"e-con-inner\">\n\t\t\t\t<div class=\"elementor-element elementor-element-39649a4 elementor-widget elementor-widget-heading\" data-id=\"39649a4\" data-element_type=\"widget\" data-e-type=\"widget\" data-widget_type=\"heading.default\">\n\t\t\t\t\t<h1 class=\"elementor-heading-title elementor-size-default\">Impressum<\/h1>\t\t\t\t<\/div>\n\t\t\t\t<div class=\"elementor-element elementor-element-f428b70 elementor-widget elementor-widget-text-editor\" data-id=\"f428b70\" data-element_type=\"widget\" data-e-type=\"widget\" data-widget_type=\"text-editor.default\">\n\t\t\t\t\t\t\t\t\t<p><strong>Amtliche Informationen<\/strong><\/p><p>Deep Gaming Industries GmbH<br \/>Umsatzsteuer-ID: DE329955418<br \/>Register: Amtsgericht Aachen<br \/>Registernummer: HRB 23665<br \/>Gesch\u00e4ftsf\u00fchrender Gesellschafter: Dr. Marcel Biewendt<\/p><p><strong>Gesch\u00e4fts-Name:<\/strong><\/p><p>DGi Solutions \u00ae<\/p><p>Die Marke DGi Solutions ist rechtlich gesch\u00fctzt und wurde gem\u00e4\u00df den geltenden Gesetzen und Vorschriften registriert. Alle Rechte an dieser Marke liegen ausschlie\u00dflich bei Deep Gaming Industries GmbH.<\/p><p>Die Verwendung der Marke, sei es in Form von Text, Grafiken, Logos oder anderen Elementen, ohne ausdr\u00fcckliche schriftliche Genehmigung von Deep Gaming Industries GmbH, ist untersagt.<\/p><p><strong>Anschrift<\/strong><\/p><p>S\u00fcdstra\u00dfe 87<br \/>52146 W\u00fcrselen<br \/>E-Mail: office@dgi-solutions.de<br \/>Telefonnummer: +49-241-5100-6685<\/p><p><strong>Gesch\u00e4ftsstelle Aachen<br \/><\/strong>DGi Solutions<br \/>Neuenhofstra\u00dfe 114, 52078<\/p><p><strong>Anwendungsbereich:<\/strong> https:\/\/dgi-solutions.de<\/p><p><strong>Streitbeilegung<\/strong><\/p><p>Die EU-Kommission stellt eine benutzerfreundliche Plattform zur Online-Beilegung von verbraucherrechtlichen Streitigkeiten aus dem Online-Verkauf von Waren oder der Online-Erbringung von Dienstleistungen zur Verf\u00fcgung (OS-Plattform). Die OS-Plattform kann unter folgendem Link aufgerufen werden: https:\/\/ec.europa.eu\/consumers\/odr<\/p><p>Die Deep Gaming Industries GmbH ist weder bereit noch verpflichtet, an einem Streitbeilegungsverfahren vor einer Verbraucherschlichtungsstelle teilzunehmen.<\/p><p><strong>Haftung f\u00fcr Inhalte<\/strong><\/p><p>Als Diensteanbieter sind wir gem\u00e4\u00df \u00a7 7 Abs.1 TMG f\u00fcr eigene Inhalte auf diesen Seiten nach den allgemeinen Gesetzen verantwortlich. Nach \u00a7\u00a7 8 bis 10 TMG sind wir als Diensteanbieter jedoch nicht verpflichtet, \u00fcbermittelte oder gespeicherte fremde Informationen zu \u00fcberwachen oder nach Umst\u00e4nden zu forschen, die auf eine rechtswidrige T\u00e4tigkeit hinweisen.<\/p>\t\t\t\t\t\t\t\t<\/div>\n\t\t\t\t\t<\/div>\n\t\t\t\t<\/div>\n\t\t\t\t<\/div>","protected":false},"excerpt":{"rendered":"<p>Impressum Amtliche Informationen Deep Gaming Industries GmbHUmsatzsteuer-ID: DE329955418Register: Amtsgericht AachenRegisternummer: HRB 23665Gesch\u00e4ftsf\u00fchrender Gesellschafter: Dr. Marcel Biewendt Gesch\u00e4fts-Name: DGi Solutions \u00ae Die Marke DGi Solutions ist rechtlich gesch\u00fctzt und wurde gem\u00e4\u00df den geltenden Gesetzen und Vorschriften registriert. Alle Rechte an dieser Marke liegen ausschlie\u00dflich bei Deep Gaming Industries GmbH. Die Verwendung der Marke, sei es in [&hellip;]<\/p>\n","protected":false},"author":1,"featured_media":852,"parent":0,"menu_order":0,"comment_status":"closed","ping_status":"closed","template":"elementor_header_footer","meta":{"site-sidebar-layout":"no-sidebar","site-content-layout":"page-builder","ast-site-content-layout":"full-width-container","site-content-style":"unboxed","site-sidebar-style":"unboxed","ast-global-header-display":"","ast-banner-title-visibility":"","ast-main-header-display":"","ast-hfb-above-header-display":"","ast-hfb-below-header-display":"","ast-hfb-mobile-header-display":"","site-post-title":"disabled","ast-breadcrumbs-content":"","ast-featured-img":"disabled","footer-sml-layout":"","ast-disable-related-posts":"","theme-transparent-header-meta":"","adv-header-id-meta":"","stick-header-meta":"","header-above-stick-meta":"","header-main-stick-meta":"","header-below-stick-meta":"","astra-migrate-meta-layouts":"set","ast-page-background-enabled":"default","ast-page-background-meta":{"desktop":{"background-color":"var(--ast-global-color-4)","background-image":"","background-repeat":"repeat","background-position":"center center","background-size":"auto","background-attachment":"scroll","background-type":"","background-media":"","overlay-type":"","overlay-color":"","overlay-opacity":"","overlay-gradient":""},"tablet":{"background-color":"","background-image":"","background-repeat":"repeat","background-position":"center center","background-size":"auto","background-attachment":"scroll","background-type":"","background-media":"","overlay-type":"","overlay-color":"","overlay-opacity":"","overlay-gradient":""},"mobile":{"background-color":"","background-image":"","background-repeat":"repeat","background-position":"center center","background-size":"auto","background-attachment":"scroll","background-type":"","background-media":"","overlay-type":"","overlay-color":"","overlay-opacity":"","overlay-gradient":""}},"ast-content-background-meta":{"desktop":{"background-color":"var(--ast-global-color-5)","background-image":"","background-repeat":"repeat","background-position":"center center","background-size":"auto","background-attachment":"scroll","background-type":"","background-media":"","overlay-type":"","overlay-color":"","overlay-opacity":"","overlay-gradient":""},"tablet":{"background-color":"var(--ast-global-color-5)","background-image":"","background-repeat":"repeat","background-position":"center center","background-size":"auto","background-attachment":"scroll","background-type":"","background-media":"","overlay-type":"","overlay-color":"","overlay-opacity":"","overlay-gradient":""},"mobile":{"background-color":"var(--ast-global-color-5)","background-image":"","background-repeat":"repeat","background-position":"center center","background-size":"auto","background-attachment":"scroll","background-type":"","background-media":"","overlay-type":"","overlay-color":"","overlay-opacity":"","overlay-gradient":""}},"footnotes":""},"class_list":["post-1695","page","type-page","status-publish","has-post-thumbnail","hentry"],"_links":{"self":[{"href":"https:\/\/dgi-solutions.de\/de\/wp-json\/wp\/v2\/pages\/1695","targetHints":{"allow":["GET"]}}],"collection":[{"href":"https:\/\/dgi-solutions.de\/de\/wp-json\/wp\/v2\/pages"}],"about":[{"href":"https:\/\/dgi-solutions.de\/de\/wp-json\/wp\/v2\/types\/page"}],"author":[{"embeddable":true,"href":"https:\/\/dgi-solutions.de\/de\/wp-json\/wp\/v2\/users\/1"}],"replies":[{"embeddable":true,"href":"https:\/\/dgi-solutions.de\/de\/wp-json\/wp\/v2\/comments?post=1695"}],"version-history":[{"count":0,"href":"https:\/\/dgi-solutions.de\/de\/wp-json\/wp\/v2\/pages\/1695\/revisions"}],"wp:featuredmedia":[{"embeddable":true,"href":"https:\/\/dgi-solutions.de\/de\/wp-json\/wp\/v2\/media\/852"}],"wp:attachment":[{"href":"https:\/\/dgi-solutions.de\/de\/wp-json\/wp\/v2\/media?parent=1695"}],"curies":[{"name":"wp","href":"https:\/\/api.w.org\/{rel}","templated":true}]}}